{"id":34,"date":"2024-07-31T16:52:38","date_gmt":"2024-07-31T14:52:38","guid":{"rendered":"http:\/\/galeria.pb-individual.pl\/?page_id=34"},"modified":"2024-07-31T17:04:40","modified_gmt":"2024-07-31T15:04:40","slug":"mercedes-benz-c200-w203-05","status":"publish","type":"page","link":"https:\/\/galeria.pb-individual.pl\/?page_id=34","title":{"rendered":"Mercedes Benz C200 W203 &#8217;05"},"content":{"rendered":"\n<p><strong>Usterka :<\/strong><\/p>\n\n\n\n<pre class=\"wp-block-preformatted\">...nie mo\u017cna przekr\u0119ci\u0107 kluczyka w stacyjce.<br>wykonano: naprawa stacyjki...<br><\/pre>\n\n\n\n<p><strong>Naprawa :<\/strong> <\/p>\n\n\n\n<pre class=\"wp-block-preformatted\">Wykonano:<br><br>* naprawa stacyjki, <br>* naprawa blokady kierownicy, <br>* naprawa kluczyka po poprzednich <strong><em>\"naprawiaczach\"<\/em><\/strong>, <br>* dopisanie nowego 2-go klucza wraz z wyci\u0119ciem grota, <br><br>Uruchomienie i diagnostyka system\u00f3w pojazdu.<br><\/pre>\n\n\n\n<figure class=\"wp-block-embed is-type-video is-provider-youtube wp-block-embed-youtube wp-embed-aspect-16-9 wp-has-aspect-ratio\"><div class=\"wp-block-embed__wrapper\">\n<iframe loading=\"lazy\" title=\"Mercedes Benz C200 W203 &#039;05\" width=\"640\" height=\"360\" src=\"https:\/\/www.youtube.com\/embed\/Rkn4E_XhrHI?feature=oembed\" frameborder=\"0\" allow=\"accelerometer; autoplay; clipboard-write; encrypted-media; gyroscope; picture-in-picture; web-share\" referrerpolicy=\"strict-origin-when-cross-origin\" allowfullscreen><\/iframe>\n<\/div><\/figure>\n\n\n\n<figure class=\"wp-block-gallery has-nested-images columns-default is-cropped wp-block-gallery-1 is-layout-flex wp-block-gallery-is-layout-flex\">\n<figure class=\"wp-block-image size-large\"><img decoding=\"async\" data-id=\"37\" src=\"http:\/\/galeria.pb-individual.pl\/wp-content\/uploads\/2024\/07\/WhatsApp-Image-2024-05-11-at-11.54.00-1-473x1024.jpeg\" alt=\"\" class=\"wp-image-37\"\/><\/figure>\n\n\n\n<figure class=\"wp-block-image size-large\"><img decoding=\"async\" data-id=\"38\" src=\"http:\/\/galeria.pb-individual.pl\/wp-content\/uploads\/2024\/07\/WhatsApp-Image-2024-05-11-at-11.54.00-2-473x1024.jpeg\" alt=\"\" class=\"wp-image-38\"\/><\/figure>\n\n\n\n<figure class=\"wp-block-image size-large\"><img decoding=\"async\" data-id=\"39\" src=\"http:\/\/galeria.pb-individual.pl\/wp-content\/uploads\/2024\/07\/WhatsApp-Image-2024-05-11-at-11.54.00-473x1024.jpeg\" alt=\"\" class=\"wp-image-39\"\/><\/figure>\n<\/figure>\n","protected":false},"excerpt":{"rendered":"<p>Usterka : &#8230;nie mo\u017cna przekr\u0119ci\u0107 kluczyka w stacyjce.wykonano: naprawa stacyjki&#8230; Naprawa : Wykonano:* naprawa stacyjki, * naprawa blokady kierownicy, * naprawa kluczyka po poprzednich &#8220;naprawiaczach&#8221;, * dopisanie nowego 2-go klucza wraz z wyci\u0119ciem grota, Uruchomienie i diagnostyka system\u00f3w pojazdu.<\/p>\n","protected":false},"author":1,"featured_media":0,"parent":0,"menu_order":0,"comment_status":"closed","ping_status":"closed","template":"","meta":{"footnotes":""},"class_list":["post-34","page","type-page","status-publish","hentry"],"_links":{"self":[{"href":"https:\/\/galeria.pb-individual.pl\/index.php?rest_route=\/wp\/v2\/pages\/34","targetHints":{"allow":["GET"]}}],"collection":[{"href":"https:\/\/galeria.pb-individual.pl\/index.php?rest_route=\/wp\/v2\/pages"}],"about":[{"href":"https:\/\/galeria.pb-individual.pl\/index.php?rest_route=\/wp\/v2\/types\/page"}],"author":[{"embeddable":true,"href":"https:\/\/galeria.pb-individual.pl\/index.php?rest_route=\/wp\/v2\/users\/1"}],"replies":[{"embeddable":true,"href":"https:\/\/galeria.pb-individual.pl\/index.php?rest_route=%2Fwp%2Fv2%2Fcomments&post=34"}],"version-history":[{"count":2,"href":"https:\/\/galeria.pb-individual.pl\/index.php?rest_route=\/wp\/v2\/pages\/34\/revisions"}],"predecessor-version":[{"id":41,"href":"https:\/\/galeria.pb-individual.pl\/index.php?rest_route=\/wp\/v2\/pages\/34\/revisions\/41"}],"wp:attachment":[{"href":"https:\/\/galeria.pb-individual.pl\/index.php?rest_route=%2Fwp%2Fv2%2Fmedia&parent=34"}],"curies":[{"name":"wp","href":"https:\/\/api.w.org\/{rel}","templated":true}]}}